{"id":556,"date":"2022-09-29T09:05:18","date_gmt":"2022-09-29T07:05:18","guid":{"rendered":"https:\/\/urnunamai.lt\/parduotuve\/"},"modified":"2022-09-29T17:21:19","modified_gmt":"2022-09-29T15:21:19","slug":"shop","status":"publish","type":"page","link":"https:\/\/urnunamai.lt\/en\/shop\/","title":{"rendered":"Shop"},"content":{"rendered":"\t\t<div data-elementor-type=\"wp-page\" data-elementor-id=\"556\" class=\"elementor elementor-556 elementor-415\" data-elementor-post-type=\"page\">\n\t\t\t\t\t\t<section class=\"elementor-section elementor-top-section elementor-element elementor-element-123a49f elementor-section-full_width elementor-section-stretched elementor-section-height-default elementor-section-height-default\" data-id=\"123a49f\" data-element_type=\"section\" data-e-type=\"section\" data-settings=\"{&quot;stretch_section&quot;:&quot;section-stretched&quot;}\">\n\t\t\t\t\t\t<div class=\"elementor-container elementor-column-gap-default\">\n\t\t\t\t\t<div class=\"elementor-column elementor-col-100 elementor-top-column elementor-element elementor-element-8b60448\" data-id=\"8b60448\" data-element_type=\"column\" data-e-type=\"column\">\n\t\t\t<div class=\"elementor-widget-wrap elementor-element-populated\">\n\t\t\t\t\t\t<div class=\"elementor-element elementor-element-0bb5d52 elementor-widget elementor-widget-image\" data-id=\"0bb5d52\" data-element_type=\"widget\" data-e-type=\"widget\" data-widget_type=\"image.default\">\n\t\t\t\t<div class=\"elementor-widget-container\">\n\t\t\t\t\t\t\t\t\t\t\t\t\t\t\t<img decoding=\"async\" src=\"https:\/\/urnunamai.lt\/wp-content\/uploads\/contact-back.jpg\" title=\"\" alt=\"Contact Us\" loading=\"lazy\" \/>\t\t\t\t\t\t\t\t\t\t\t\t\t\t\t<\/div>\n\t\t\t\t<\/div>\n\t\t\t\t\t<\/div>\n\t\t<\/div>\n\t\t\t\t\t<\/div>\n\t\t<\/section>\n\t\t\t\t<section class=\"elementor-section elementor-top-section elementor-element elementor-element-22c9e01a elementor-section-boxed elementor-section-height-default elementor-section-height-default\" data-id=\"22c9e01a\" data-element_type=\"section\" data-e-type=\"section\">\n\t\t\t\t\t\t<div class=\"elementor-container elementor-column-gap-default\">\n\t\t\t\t\t<div class=\"elementor-column elementor-col-100 elementor-top-column elementor-element elementor-element-109083fd\" data-id=\"109083fd\" data-element_type=\"column\" data-e-type=\"column\">\n\t\t\t<div class=\"elementor-widget-wrap elementor-element-populated\">\n\t\t\t\t\t\t<div class=\"elementor-element elementor-element-7da39589 elementor-widget elementor-widget-shortcode\" data-id=\"7da39589\" data-element_type=\"widget\" data-e-type=\"widget\" data-widget_type=\"shortcode.default\">\n\t\t\t\t<div class=\"elementor-widget-container\">\n\t\t\t\t\t\t\t<div class=\"elementor-shortcode\"><div class=\"woocommerce columns-2 \"><ul class=\"products columns-2\">\n<li class=\"product type-product post-304 status-publish first instock has-post-thumbnail featured shipping-taxable purchasable product-type-simple woo-variation-gallery-product\">\n\t<a href=\"https:\/\/urnunamai.lt\/produktas\/keramine-urna-tikejimas\/\" class=\"woocommerce-LoopProduct-link woocommerce-loop-product__link\"><img fetchpriority=\"high\" decoding=\"async\" width=\"300\" height=\"300\" src=\"https:\/\/urnunamai.lt\/wp-content\/uploads\/tikejimas-1-300x300.png\" class=\"attachment-woocommerce_thumbnail size-woocommerce_thumbnail\" alt=\"Pastelini\u0173 spalv\u0173 laidojimo urna\" srcset=\"https:\/\/urnunamai.lt\/wp-content\/uploads\/tikejimas-1-300x300.png 300w, https:\/\/urnunamai.lt\/wp-content\/uploads\/tikejimas-1-150x150.png 150w, https:\/\/urnunamai.lt\/wp-content\/uploads\/tikejimas-1-100x100.png 100w\" sizes=\"(max-width: 300px) 100vw, 300px\" \/><h2 class=\"woocommerce-loop-product__title\">Rank\u0173 darbo keramin\u0117 urna TIK\u0116JIMAS<\/h2>\n\t<span class=\"price\"><span class=\"woocommerce-Price-amount amount\"><bdi><span class=\"woocommerce-Price-currencySymbol\">&euro;<\/span>400.00<\/bdi><\/span><\/span>\n<\/a><a href=\"\/en\/wp-json\/wp\/v2\/pages\/556?add-to-cart=304\" aria-describedby=\"woocommerce_loop_add_to_cart_link_describedby_304\" data-quantity=\"1\" class=\"button product_type_simple add_to_cart_button ajax_add_to_cart\" data-product_id=\"304\" data-product_sku=\"23475\" aria-label=\"Add to cart: &ldquo;Rank\u0173 darbo keramin\u0117 urna TIK\u0116JIMAS&rdquo;\" rel=\"nofollow\" data-success_message=\"&ldquo;Rank\u0173 darbo keramin\u0117 urna TIK\u0116JIMAS&rdquo; has been added to your cart\">Add to cart<\/a>\t<span id=\"woocommerce_loop_add_to_cart_link_describedby_304\" class=\"screen-reader-text\">\n\t\t\t<\/span>\n<\/li>\n<li class=\"product type-product post-2043 status-publish last instock has-post-thumbnail featured shipping-taxable purchasable product-type-simple woo-variation-gallery-product\">\n\t<a href=\"https:\/\/urnunamai.lt\/produktas\/urna-zeme\/\" class=\"woocommerce-LoopProduct-link woocommerce-loop-product__link\"><img decoding=\"async\" width=\"300\" height=\"300\" src=\"https:\/\/urnunamai.lt\/wp-content\/uploads\/Urna85-300x300.jpg\" class=\"attachment-woocommerce_thumbnail size-woocommerce_thumbnail\" alt=\"Rank\u0173 darbo keramin\u0117 urna \u017dEM\u0116\" srcset=\"https:\/\/urnunamai.lt\/wp-content\/uploads\/Urna85-300x300.jpg 300w, https:\/\/urnunamai.lt\/wp-content\/uploads\/Urna85-150x150.jpg 150w, https:\/\/urnunamai.lt\/wp-content\/uploads\/Urna85-768x768.jpg 768w, https:\/\/urnunamai.lt\/wp-content\/uploads\/Urna85-600x600.jpg 600w, https:\/\/urnunamai.lt\/wp-content\/uploads\/Urna85-100x100.jpg 100w, https:\/\/urnunamai.lt\/wp-content\/uploads\/Urna85.jpg 1024w\" sizes=\"(max-width: 300px) 100vw, 300px\" \/><h2 class=\"woocommerce-loop-product__title\">Rank\u0173 darbo keramin\u0117 urna \u017dEM\u0116<\/h2>\n\t<span class=\"price\"><span class=\"woocommerce-Price-amount amount\"><bdi><span class=\"woocommerce-Price-currencySymbol\">&euro;<\/span>300.00<\/bdi><\/span><\/span>\n<\/a><a href=\"\/en\/wp-json\/wp\/v2\/pages\/556?add-to-cart=2043\" aria-describedby=\"woocommerce_loop_add_to_cart_link_describedby_2043\" data-quantity=\"1\" class=\"button product_type_simple add_to_cart_button ajax_add_to_cart\" data-product_id=\"2043\" data-product_sku=\"65498-1\" aria-label=\"Add to cart: &ldquo;Rank\u0173 darbo keramin\u0117 urna \u017dEM\u0116&rdquo;\" rel=\"nofollow\" data-success_message=\"&ldquo;Rank\u0173 darbo keramin\u0117 urna \u017dEM\u0116&rdquo; has been added to your cart\">Add to cart<\/a>\t<span id=\"woocommerce_loop_add_to_cart_link_describedby_2043\" class=\"screen-reader-text\">\n\t\t\t<\/span>\n<\/li>\n<li class=\"product type-product post-2011 status-publish first instock has-post-thumbnail featured shipping-taxable purchasable product-type-simple woo-variation-gallery-product\">\n\t<a href=\"https:\/\/urnunamai.lt\/produktas\/urna-tyla\/\" class=\"woocommerce-LoopProduct-link woocommerce-loop-product__link\"><img decoding=\"async\" width=\"300\" height=\"300\" src=\"https:\/\/urnunamai.lt\/wp-content\/uploads\/Urna61-300x300.jpg\" class=\"attachment-woocommerce_thumbnail size-woocommerce_thumbnail\" alt=\"Rank\u0173 darbo keramin\u0117 urna TYLA\" srcset=\"https:\/\/urnunamai.lt\/wp-content\/uploads\/Urna61-300x300.jpg 300w, https:\/\/urnunamai.lt\/wp-content\/uploads\/Urna61-150x150.jpg 150w, https:\/\/urnunamai.lt\/wp-content\/uploads\/Urna61-768x768.jpg 768w, https:\/\/urnunamai.lt\/wp-content\/uploads\/Urna61-600x600.jpg 600w, https:\/\/urnunamai.lt\/wp-content\/uploads\/Urna61-100x100.jpg 100w, https:\/\/urnunamai.lt\/wp-content\/uploads\/Urna61.jpg 1024w\" sizes=\"(max-width: 300px) 100vw, 300px\" \/><h2 class=\"woocommerce-loop-product__title\">Rank\u0173 darbo keramin\u0117 urna TYLA<\/h2>\n\t<span class=\"price\"><span class=\"woocommerce-Price-amount amount\"><bdi><span class=\"woocommerce-Price-currencySymbol\">&euro;<\/span>300.00<\/bdi><\/span><\/span>\n<\/a><a href=\"\/en\/wp-json\/wp\/v2\/pages\/556?add-to-cart=2011\" aria-describedby=\"woocommerce_loop_add_to_cart_link_describedby_2011\" data-quantity=\"1\" class=\"button product_type_simple add_to_cart_button ajax_add_to_cart\" data-product_id=\"2011\" data-product_sku=\"54849-1\" aria-label=\"Add to cart: &ldquo;Rank\u0173 darbo keramin\u0117 urna TYLA&rdquo;\" rel=\"nofollow\" data-success_message=\"&ldquo;Rank\u0173 darbo keramin\u0117 urna TYLA&rdquo; has been added to your cart\">Add to cart<\/a>\t<span id=\"woocommerce_loop_add_to_cart_link_describedby_2011\" class=\"screen-reader-text\">\n\t\t\t<\/span>\n<\/li>\n<li class=\"product type-product post-2004 status-publish last instock has-post-thumbnail featured shipping-taxable purchasable product-type-simple woo-variation-gallery-product\">\n\t<a href=\"https:\/\/urnunamai.lt\/produktas\/urna-giesme\/\" class=\"woocommerce-LoopProduct-link woocommerce-loop-product__link\"><img loading=\"lazy\" decoding=\"async\" width=\"300\" height=\"300\" src=\"https:\/\/urnunamai.lt\/wp-content\/uploads\/Urna53-300x300.jpg\" class=\"attachment-woocommerce_thumbnail size-woocommerce_thumbnail\" alt=\"Rank\u0173 darbo keramin\u0117 urna GIESM\u0116\" srcset=\"https:\/\/urnunamai.lt\/wp-content\/uploads\/Urna53-300x300.jpg 300w, https:\/\/urnunamai.lt\/wp-content\/uploads\/Urna53-150x150.jpg 150w, https:\/\/urnunamai.lt\/wp-content\/uploads\/Urna53-768x768.jpg 768w, https:\/\/urnunamai.lt\/wp-content\/uploads\/Urna53-600x600.jpg 600w, https:\/\/urnunamai.lt\/wp-content\/uploads\/Urna53-100x100.jpg 100w, https:\/\/urnunamai.lt\/wp-content\/uploads\/Urna53.jpg 1024w\" sizes=\"(max-width: 300px) 100vw, 300px\" \/><h2 class=\"woocommerce-loop-product__title\">Rank\u0173 darbo keramin\u0117 urna GIESM\u0116<\/h2>\n\t<span class=\"price\"><span class=\"woocommerce-Price-amount amount\"><bdi><span class=\"woocommerce-Price-currencySymbol\">&euro;<\/span>350.00<\/bdi><\/span><\/span>\n<\/a><a href=\"\/en\/wp-json\/wp\/v2\/pages\/556?add-to-cart=2004\" aria-describedby=\"woocommerce_loop_add_to_cart_link_describedby_2004\" data-quantity=\"1\" class=\"button product_type_simple add_to_cart_button ajax_add_to_cart\" data-product_id=\"2004\" data-product_sku=\"23475-1\" aria-label=\"Add to cart: &ldquo;Rank\u0173 darbo keramin\u0117 urna GIESM\u0116&rdquo;\" rel=\"nofollow\" data-success_message=\"&ldquo;Rank\u0173 darbo keramin\u0117 urna GIESM\u0116&rdquo; has been added to your cart\">Add to cart<\/a>\t<span id=\"woocommerce_loop_add_to_cart_link_describedby_2004\" class=\"screen-reader-text\">\n\t\t\t<\/span>\n<\/li>\n<li class=\"product type-product post-303 status-publish first instock has-post-thumbnail featured shipping-taxable purchasable product-type-simple woo-variation-gallery-product\">\n\t<a href=\"https:\/\/urnunamai.lt\/produktas\/keramine-urna-versme\/\" class=\"woocommerce-LoopProduct-link woocommerce-loop-product__link\"><img loading=\"lazy\" decoding=\"async\" width=\"300\" height=\"300\" src=\"https:\/\/urnunamai.lt\/wp-content\/uploads\/product-versme-300x300.png\" class=\"attachment-woocommerce_thumbnail size-woocommerce_thumbnail\" alt=\"Urna Versm\u0117\" srcset=\"https:\/\/urnunamai.lt\/wp-content\/uploads\/product-versme-300x300.png 300w, https:\/\/urnunamai.lt\/wp-content\/uploads\/product-versme-1024x1024.png 1024w, https:\/\/urnunamai.lt\/wp-content\/uploads\/product-versme-150x150.png 150w, https:\/\/urnunamai.lt\/wp-content\/uploads\/product-versme-768x768.png 768w, https:\/\/urnunamai.lt\/wp-content\/uploads\/product-versme-600x600.png 600w, https:\/\/urnunamai.lt\/wp-content\/uploads\/product-versme-100x100.png 100w, https:\/\/urnunamai.lt\/wp-content\/uploads\/product-versme.png 1080w\" sizes=\"(max-width: 300px) 100vw, 300px\" \/><h2 class=\"woocommerce-loop-product__title\">Urna Versm\u0117<\/h2>\n\t<span class=\"price\"><span class=\"woocommerce-Price-amount amount\"><bdi><span class=\"woocommerce-Price-currencySymbol\">&euro;<\/span>400.00<\/bdi><\/span><\/span>\n<\/a><a href=\"\/en\/wp-json\/wp\/v2\/pages\/556?add-to-cart=303\" aria-describedby=\"woocommerce_loop_add_to_cart_link_describedby_303\" data-quantity=\"1\" class=\"button product_type_simple add_to_cart_button ajax_add_to_cart\" data-product_id=\"303\" data-product_sku=\"54849\" aria-label=\"Add to cart: &ldquo;Urna Versm\u0117&rdquo;\" rel=\"nofollow\" data-success_message=\"&ldquo;Urna Versm\u0117&rdquo; has been added to your cart\">Add to cart<\/a>\t<span id=\"woocommerce_loop_add_to_cart_link_describedby_303\" class=\"screen-reader-text\">\n\t\t\t<\/span>\n<\/li>\n<li class=\"product type-product post-302 status-publish last outofstock has-post-thumbnail featured shipping-taxable purchasable product-type-simple woo-variation-gallery-product\">\n\t<a href=\"https:\/\/urnunamai.lt\/produktas\/keramine-urna-sviesa\/\" class=\"woocommerce-LoopProduct-link woocommerce-loop-product__link\"><img loading=\"lazy\" decoding=\"async\" width=\"300\" height=\"300\" src=\"https:\/\/urnunamai.lt\/wp-content\/uploads\/Urna41-300x300.jpg\" class=\"attachment-woocommerce_thumbnail size-woocommerce_thumbnail\" alt=\"Rank\u0173 darbo keramin\u0117 urna \u0160VIESA\" srcset=\"https:\/\/urnunamai.lt\/wp-content\/uploads\/Urna41-300x300.jpg 300w, https:\/\/urnunamai.lt\/wp-content\/uploads\/Urna41-150x150.jpg 150w, https:\/\/urnunamai.lt\/wp-content\/uploads\/Urna41-768x768.jpg 768w, https:\/\/urnunamai.lt\/wp-content\/uploads\/Urna41-600x600.jpg 600w, https:\/\/urnunamai.lt\/wp-content\/uploads\/Urna41-100x100.jpg 100w, https:\/\/urnunamai.lt\/wp-content\/uploads\/Urna41.jpg 1024w\" sizes=\"(max-width: 300px) 100vw, 300px\" \/><h2 class=\"woocommerce-loop-product__title\">Rank\u0173 darbo keramin\u0117 urna \u0160VIESA<\/h2>\n\t<span class=\"price\"><span class=\"woocommerce-Price-amount amount\"><bdi><span class=\"woocommerce-Price-currencySymbol\">&euro;<\/span>400.00<\/bdi><\/span><\/span>\n<\/a><a href=\"https:\/\/urnunamai.lt\/produktas\/keramine-urna-sviesa\/\" aria-describedby=\"woocommerce_loop_add_to_cart_link_describedby_302\" data-quantity=\"1\" class=\"button product_type_simple\" data-product_id=\"302\" data-product_sku=\"79541\" aria-label=\"Read more about &ldquo;Rank\u0173 darbo keramin\u0117 urna \u0160VIESA&rdquo;\" rel=\"nofollow\" data-success_message=\"\">Read more<\/a>\t<span id=\"woocommerce_loop_add_to_cart_link_describedby_302\" class=\"screen-reader-text\">\n\t\t\t<\/span>\n<\/li>\n<li class=\"product type-product post-1992 status-publish first outofstock has-post-thumbnail featured shipping-taxable purchasable product-type-simple woo-variation-gallery-product\">\n\t<a href=\"https:\/\/urnunamai.lt\/produktas\/urna-sviesa-1\/\" class=\"woocommerce-LoopProduct-link woocommerce-loop-product__link\"><img loading=\"lazy\" decoding=\"async\" width=\"300\" height=\"300\" src=\"https:\/\/urnunamai.lt\/wp-content\/uploads\/Urna15-300x300.jpg\" class=\"attachment-woocommerce_thumbnail size-woocommerce_thumbnail\" alt=\"Rank\u0173 darbo keramin\u0117 urna \u0160VIESA vienam\" srcset=\"https:\/\/urnunamai.lt\/wp-content\/uploads\/Urna15-300x300.jpg 300w, https:\/\/urnunamai.lt\/wp-content\/uploads\/Urna15-150x150.jpg 150w, https:\/\/urnunamai.lt\/wp-content\/uploads\/Urna15-768x768.jpg 768w, https:\/\/urnunamai.lt\/wp-content\/uploads\/Urna15-600x600.jpg 600w, https:\/\/urnunamai.lt\/wp-content\/uploads\/Urna15-100x100.jpg 100w, https:\/\/urnunamai.lt\/wp-content\/uploads\/Urna15.jpg 1024w\" sizes=\"(max-width: 300px) 100vw, 300px\" \/><h2 class=\"woocommerce-loop-product__title\">Rank\u0173 darbo keramin\u0117 urna \u0160VIESA vienam<\/h2>\n\t<span class=\"price\"><span class=\"woocommerce-Price-amount amount\"><bdi><span class=\"woocommerce-Price-currencySymbol\">&euro;<\/span>400.00<\/bdi><\/span><\/span>\n<\/a><a href=\"https:\/\/urnunamai.lt\/produktas\/urna-sviesa-1\/\" aria-describedby=\"woocommerce_loop_add_to_cart_link_describedby_1992\" data-quantity=\"1\" class=\"button product_type_simple\" data-product_id=\"1992\" data-product_sku=\"79541-1\" aria-label=\"Read more about &ldquo;Rank\u0173 darbo keramin\u0117 urna \u0160VIESA vienam&rdquo;\" rel=\"nofollow\" data-success_message=\"\">Read more<\/a>\t<span id=\"woocommerce_loop_add_to_cart_link_describedby_1992\" class=\"screen-reader-text\">\n\t\t\t<\/span>\n<\/li>\n<li class=\"product type-product post-301 status-publish last outofstock has-post-thumbnail featured shipping-taxable purchasable product-type-simple woo-variation-gallery-product\">\n\t<a href=\"https:\/\/urnunamai.lt\/produktas\/keramine-urna-amzinybe\/\" class=\"woocommerce-LoopProduct-link woocommerce-loop-product__link\"><img loading=\"lazy\" decoding=\"async\" width=\"300\" height=\"300\" src=\"https:\/\/urnunamai.lt\/wp-content\/uploads\/product-amzinybe-300x300.png\" class=\"attachment-woocommerce_thumbnail size-woocommerce_thumbnail\" alt=\"urna AM\u017dINYB\u0116\" srcset=\"https:\/\/urnunamai.lt\/wp-content\/uploads\/product-amzinybe-300x300.png 300w, https:\/\/urnunamai.lt\/wp-content\/uploads\/product-amzinybe-1024x1024.png 1024w, https:\/\/urnunamai.lt\/wp-content\/uploads\/product-amzinybe-150x150.png 150w, https:\/\/urnunamai.lt\/wp-content\/uploads\/product-amzinybe-768x768.png 768w, https:\/\/urnunamai.lt\/wp-content\/uploads\/product-amzinybe-600x600.png 600w, https:\/\/urnunamai.lt\/wp-content\/uploads\/product-amzinybe-100x100.png 100w, https:\/\/urnunamai.lt\/wp-content\/uploads\/product-amzinybe.png 1080w\" sizes=\"(max-width: 300px) 100vw, 300px\" \/><h2 class=\"woocommerce-loop-product__title\">Rank\u0173 darbo keramin\u0117 urna AM\u017dINYB\u0116<\/h2><div class=\"star-rating\" role=\"img\" aria-label=\"Rated 5.00 out of 5\"><span style=\"width:100%\">Rated <strong class=\"rating\">5.00<\/strong> out of 5<\/span><\/div>\n\t<span class=\"price\"><span class=\"woocommerce-Price-amount amount\"><bdi><span class=\"woocommerce-Price-currencySymbol\">&euro;<\/span>400.00<\/bdi><\/span><\/span>\n<\/a><a href=\"https:\/\/urnunamai.lt\/produktas\/keramine-urna-amzinybe\/\" aria-describedby=\"woocommerce_loop_add_to_cart_link_describedby_301\" data-quantity=\"1\" class=\"button product_type_simple\" data-product_id=\"301\" data-product_sku=\"65498\" aria-label=\"Read more about &ldquo;Rank\u0173 darbo keramin\u0117 urna AM\u017dINYB\u0116&rdquo;\" rel=\"nofollow\" data-success_message=\"\">Read more<\/a>\t<span id=\"woocommerce_loop_add_to_cart_link_describedby_301\" class=\"screen-reader-text\">\n\t\t\t<\/span>\n<\/li>\n<\/ul>\n<\/div><\/div>\n\t\t\t\t\t\t<\/div>\n\t\t\t\t<\/div>\n\t\t\t\t\t<\/div>\n\t\t<\/div>\n\t\t\t\t\t<\/div>\n\t\t<\/section>\n\t\t\t\t<\/div>\n\t\t","protected":false},"excerpt":{"rendered":"","protected":false},"author":1,"featured_media":0,"parent":0,"menu_order":0,"comment_status":"closed","ping_status":"closed","template":"elementor_canvas","meta":{"inline_featured_image":false,"footnotes":""},"class_list":["post-556","page","type-page","status-publish","hentry"],"yoast_head":"<!-- This site is optimized with the Yoast SEO plugin v27.4 - https:\/\/yoast.com\/product\/yoast-seo-wordpress\/ -->\n<title>Shop - Urnunamai.lt<\/title>\n<meta name=\"robots\" content=\"index, follow, max-snippet:-1, max-image-preview:large, max-video-preview:-1\" \/>\n<link rel=\"canonical\" href=\"https:\/\/urnunamai.lt\/en\/shop\/\" \/>\n<meta property=\"og:locale\" content=\"en_US\" \/>\n<meta property=\"og:type\" content=\"article\" \/>\n<meta property=\"og:title\" content=\"Shop - Urnunamai.lt\" \/>\n<meta property=\"og:url\" content=\"https:\/\/urnunamai.lt\/en\/shop\/\" \/>\n<meta property=\"og:site_name\" content=\"Urnunamai.lt\" \/>\n<meta property=\"article:modified_time\" content=\"2022-09-29T15:21:19+00:00\" \/>\n<meta property=\"og:image\" content=\"https:\/\/urnunamai.lt\/wp-content\/uploads\/contact-back.jpg\" \/>\n<meta name=\"twitter:card\" content=\"summary_large_image\" \/>\n<script type=\"application\/ld+json\" class=\"yoast-schema-graph\">{\"@context\":\"https:\\\/\\\/schema.org\",\"@graph\":[{\"@type\":\"WebPage\",\"@id\":\"https:\\\/\\\/urnunamai.lt\\\/en\\\/shop\\\/\",\"url\":\"https:\\\/\\\/urnunamai.lt\\\/en\\\/shop\\\/\",\"name\":\"Shop - Urnunamai.lt\",\"isPartOf\":{\"@id\":\"https:\\\/\\\/urnunamai.lt\\\/#website\"},\"primaryImageOfPage\":{\"@id\":\"https:\\\/\\\/urnunamai.lt\\\/en\\\/shop\\\/#primaryimage\"},\"image\":{\"@id\":\"https:\\\/\\\/urnunamai.lt\\\/en\\\/shop\\\/#primaryimage\"},\"thumbnailUrl\":\"https:\\\/\\\/urnunamai.lt\\\/wp-content\\\/uploads\\\/contact-back.jpg\",\"datePublished\":\"2022-09-29T07:05:18+00:00\",\"dateModified\":\"2022-09-29T15:21:19+00:00\",\"breadcrumb\":{\"@id\":\"https:\\\/\\\/urnunamai.lt\\\/en\\\/shop\\\/#breadcrumb\"},\"inLanguage\":\"en-US\",\"potentialAction\":[{\"@type\":\"ReadAction\",\"target\":[\"https:\\\/\\\/urnunamai.lt\\\/en\\\/shop\\\/\"]}]},{\"@type\":\"ImageObject\",\"inLanguage\":\"en-US\",\"@id\":\"https:\\\/\\\/urnunamai.lt\\\/en\\\/shop\\\/#primaryimage\",\"url\":\"https:\\\/\\\/urnunamai.lt\\\/wp-content\\\/uploads\\\/contact-back.jpg\",\"contentUrl\":\"https:\\\/\\\/urnunamai.lt\\\/wp-content\\\/uploads\\\/contact-back.jpg\"},{\"@type\":\"BreadcrumbList\",\"@id\":\"https:\\\/\\\/urnunamai.lt\\\/en\\\/shop\\\/#breadcrumb\",\"itemListElement\":[{\"@type\":\"ListItem\",\"position\":1,\"name\":\"Home\",\"item\":\"https:\\\/\\\/urnunamai.lt\\\/en\\\/\"},{\"@type\":\"ListItem\",\"position\":2,\"name\":\"Shop\"}]},{\"@type\":\"WebSite\",\"@id\":\"https:\\\/\\\/urnunamai.lt\\\/#website\",\"url\":\"https:\\\/\\\/urnunamai.lt\\\/\",\"name\":\"Urnunamai.lt\",\"description\":\"\",\"publisher\":{\"@id\":\"https:\\\/\\\/urnunamai.lt\\\/#organization\"},\"potentialAction\":[{\"@type\":\"SearchAction\",\"target\":{\"@type\":\"EntryPoint\",\"urlTemplate\":\"https:\\\/\\\/urnunamai.lt\\\/?s={search_term_string}\"},\"query-input\":{\"@type\":\"PropertyValueSpecification\",\"valueRequired\":true,\"valueName\":\"search_term_string\"}}],\"inLanguage\":\"en-US\"},{\"@type\":\"Organization\",\"@id\":\"https:\\\/\\\/urnunamai.lt\\\/#organization\",\"name\":\"Urnunamai.lt\",\"url\":\"https:\\\/\\\/urnunamai.lt\\\/\",\"logo\":{\"@type\":\"ImageObject\",\"inLanguage\":\"en-US\",\"@id\":\"https:\\\/\\\/urnunamai.lt\\\/#\\\/schema\\\/logo\\\/image\\\/\",\"url\":\"https:\\\/\\\/urnunamai.lt\\\/wp-content\\\/uploads\\\/logo.svg\",\"contentUrl\":\"https:\\\/\\\/urnunamai.lt\\\/wp-content\\\/uploads\\\/logo.svg\",\"width\":80,\"height\":98,\"caption\":\"Urnunamai.lt\"},\"image\":{\"@id\":\"https:\\\/\\\/urnunamai.lt\\\/#\\\/schema\\\/logo\\\/image\\\/\"}}]}<\/script>\n<!-- \/ Yoast SEO plugin. -->","yoast_head_json":{"title":"Shop - Urnunamai.lt","robots":{"index":"index","follow":"follow","max-snippet":"max-snippet:-1","max-image-preview":"max-image-preview:large","max-video-preview":"max-video-preview:-1"},"canonical":"https:\/\/urnunamai.lt\/en\/shop\/","og_locale":"en_US","og_type":"article","og_title":"Shop - Urnunamai.lt","og_url":"https:\/\/urnunamai.lt\/en\/shop\/","og_site_name":"Urnunamai.lt","article_modified_time":"2022-09-29T15:21:19+00:00","og_image":[{"url":"https:\/\/urnunamai.lt\/wp-content\/uploads\/contact-back.jpg","type":"","width":"","height":""}],"twitter_card":"summary_large_image","schema":{"@context":"https:\/\/schema.org","@graph":[{"@type":"WebPage","@id":"https:\/\/urnunamai.lt\/en\/shop\/","url":"https:\/\/urnunamai.lt\/en\/shop\/","name":"Shop - Urnunamai.lt","isPartOf":{"@id":"https:\/\/urnunamai.lt\/#website"},"primaryImageOfPage":{"@id":"https:\/\/urnunamai.lt\/en\/shop\/#primaryimage"},"image":{"@id":"https:\/\/urnunamai.lt\/en\/shop\/#primaryimage"},"thumbnailUrl":"https:\/\/urnunamai.lt\/wp-content\/uploads\/contact-back.jpg","datePublished":"2022-09-29T07:05:18+00:00","dateModified":"2022-09-29T15:21:19+00:00","breadcrumb":{"@id":"https:\/\/urnunamai.lt\/en\/shop\/#breadcrumb"},"inLanguage":"en-US","potentialAction":[{"@type":"ReadAction","target":["https:\/\/urnunamai.lt\/en\/shop\/"]}]},{"@type":"ImageObject","inLanguage":"en-US","@id":"https:\/\/urnunamai.lt\/en\/shop\/#primaryimage","url":"https:\/\/urnunamai.lt\/wp-content\/uploads\/contact-back.jpg","contentUrl":"https:\/\/urnunamai.lt\/wp-content\/uploads\/contact-back.jpg"},{"@type":"BreadcrumbList","@id":"https:\/\/urnunamai.lt\/en\/shop\/#breadcrumb","itemListElement":[{"@type":"ListItem","position":1,"name":"Home","item":"https:\/\/urnunamai.lt\/en\/"},{"@type":"ListItem","position":2,"name":"Shop"}]},{"@type":"WebSite","@id":"https:\/\/urnunamai.lt\/#website","url":"https:\/\/urnunamai.lt\/","name":"Urnunamai.lt","description":"","publisher":{"@id":"https:\/\/urnunamai.lt\/#organization"},"potentialAction":[{"@type":"SearchAction","target":{"@type":"EntryPoint","urlTemplate":"https:\/\/urnunamai.lt\/?s={search_term_string}"},"query-input":{"@type":"PropertyValueSpecification","valueRequired":true,"valueName":"search_term_string"}}],"inLanguage":"en-US"},{"@type":"Organization","@id":"https:\/\/urnunamai.lt\/#organization","name":"Urnunamai.lt","url":"https:\/\/urnunamai.lt\/","logo":{"@type":"ImageObject","inLanguage":"en-US","@id":"https:\/\/urnunamai.lt\/#\/schema\/logo\/image\/","url":"https:\/\/urnunamai.lt\/wp-content\/uploads\/logo.svg","contentUrl":"https:\/\/urnunamai.lt\/wp-content\/uploads\/logo.svg","width":80,"height":98,"caption":"Urnunamai.lt"},"image":{"@id":"https:\/\/urnunamai.lt\/#\/schema\/logo\/image\/"}}]}},"_hostinger_reach_plugin_has_subscription_block":false,"_hostinger_reach_plugin_is_elementor":false,"_links":{"self":[{"href":"https:\/\/urnunamai.lt\/en\/wp-json\/wp\/v2\/pages\/556","targetHints":{"allow":["GET"]}}],"collection":[{"href":"https:\/\/urnunamai.lt\/en\/wp-json\/wp\/v2\/pages"}],"about":[{"href":"https:\/\/urnunamai.lt\/en\/wp-json\/wp\/v2\/types\/page"}],"author":[{"embeddable":true,"href":"https:\/\/urnunamai.lt\/en\/wp-json\/wp\/v2\/users\/1"}],"replies":[{"embeddable":true,"href":"https:\/\/urnunamai.lt\/en\/wp-json\/wp\/v2\/comments?post=556"}],"version-history":[{"count":7,"href":"https:\/\/urnunamai.lt\/en\/wp-json\/wp\/v2\/pages\/556\/revisions"}],"predecessor-version":[{"id":574,"href":"https:\/\/urnunamai.lt\/en\/wp-json\/wp\/v2\/pages\/556\/revisions\/574"}],"wp:attachment":[{"href":"https:\/\/urnunamai.lt\/en\/wp-json\/wp\/v2\/media?parent=556"}],"curies":[{"name":"wp","href":"https:\/\/api.w.org\/{rel}","templated":true}]}}